{"id":35,"date":"2021-11-08T04:36:03","date_gmt":"2021-11-08T04:36:03","guid":{"rendered":"https:\/\/blockart-professional-2.sites.qsandbox.com\/?page_id=35"},"modified":"2022-09-24T23:36:16","modified_gmt":"2022-09-24T23:36:16","slug":"home-2","status":"publish","type":"page","link":"http:\/\/www.kocas.com.tr\/","title":{"rendered":"Home"},"content":{"rendered":"\n<div class=\"blockart-section blockart-section-8d13dacb\"><div class=\"blockart-overlay\"><\/div><div class=\"blockart-container-fluid\"><div class=\"blockart-section-inner blockart-height-fit-to-screen\">\n<div class=\"blockart-column blockart-column-1bf988e3\"><div class=\"blockart-column-inner\"><\/div><\/div>\n\n\n\n<div class=\"blockart-column blockart-column-888cd4bc\"><div class=\"blockart-column-inner\">\n<h1 class=\"blockart-heading blockart-heading-e3203095\">KO\u00c7A\u015e GROUP<\/h1>\n\n\n\n<p class=\"blockart-paragraph blockart-paragraph-0c25ffc7\">We export to all the world!<\/p>\n\n\n\n<div class=\"blockart-buttons blockart-buttons-674a7527 is-justification-center\">\n<div class=\"blockart-button blockart-button-630f7882 \"><a class=\"blockart-button-link is-custom is-style-outline\">Firmalar\u0131m\u0131z<\/a><\/div>\n<\/div>\n<\/div><\/div>\n\n\n\n<div class=\"blockart-column blockart-column-8663e645\"><div class=\"blockart-column-inner\"><\/div><\/div>\n<\/div><\/div><\/div>\n\n\n\n<div class=\"blockart-section blockart-section-ace61d7d\"><div class=\"blockart-container-fluid\"><div class=\"blockart-section-inner blockart-height-fit-to-screen\">\n<div class=\"blockart-column blockart-column-4bc6c13d\"><div class=\"blockart-column-inner\">\n<div class=\"blockart-image blockart-image-5ef8aa92\"><img loading=\"lazy\" decoding=\"async\" class=\"wp-image-8\" src=\"http:\/\/www.kocas.com.tr\/wp-content\/uploads\/2022\/09\/cropped-furnekslogo-1.png\" alt=\"\" height=\"82\" width=\"473\" srcset=\"http:\/\/www.kocas.com.tr\/wp-content\/uploads\/2022\/09\/cropped-furnekslogo-1.png 473w, http:\/\/www.kocas.com.tr\/wp-content\/uploads\/2022\/09\/cropped-furnekslogo-1-300x52.png 300w\" sizes=\"auto, (max-width: 473px) 100vw, 473px\" \/><\/div>\n\n\n\n<h3 class=\"blockart-heading blockart-heading-e984a0f7\"><a href=\"https:\/\/www.furneks.com\/\" data-type=\"URL\" data-id=\"https:\/\/www.furneks.com\/\" target=\"_blank\" rel=\"noreferrer noopener\">www.furneks.com<\/a><\/h3>\n\n\n\n<p class=\"blockart-paragraph blockart-paragraph-bd1aff72\">T\u00fcrkiye&#8217;de bir \u00e7ok mobilya firmas\u0131na ihracat dan\u0131\u015fmanl\u0131\u011f\u0131 veren FURNEKS, ayn\u0131 zamanda yurt d\u0131\u015f\u0131ndaki m\u00fc\u015fterilerine de T\u00fcrkiye&#8217;den mobilya ihracat\u0131 yapmaktad\u0131r.<\/p>\n<\/div><\/div>\n\n\n\n<div class=\"blockart-column blockart-column-21d3998f\"><div class=\"blockart-column-inner\">\n<div class=\"blockart-image blockart-image-43903124\"><img loading=\"lazy\" decoding=\"async\" width=\"4440\" height=\"496\" class=\"wp-image-1569\" src=\"http:\/\/www.kocas.com.tr\/wp-content\/uploads\/2022\/09\/tpf-long.png\" alt=\"\" srcset=\"http:\/\/www.kocas.com.tr\/wp-content\/uploads\/2022\/09\/tpf-long.png 4440w, http:\/\/www.kocas.com.tr\/wp-content\/uploads\/2022\/09\/tpf-long-600x67.png 600w, http:\/\/www.kocas.com.tr\/wp-content\/uploads\/2022\/09\/tpf-long-300x34.png 300w, http:\/\/www.kocas.com.tr\/wp-content\/uploads\/2022\/09\/tpf-long-1024x114.png 1024w, http:\/\/www.kocas.com.tr\/wp-content\/uploads\/2022\/09\/tpf-long-768x86.png 768w, http:\/\/www.kocas.com.tr\/wp-content\/uploads\/2022\/09\/tpf-long-1536x172.png 1536w, http:\/\/www.kocas.com.tr\/wp-content\/uploads\/2022\/09\/tpf-long-2048x229.png 2048w\" sizes=\"auto, (max-width: 4440px) 100vw, 4440px\" \/><\/div>\n\n\n\n<h3 class=\"blockart-heading blockart-heading-8102c553\"><a href=\"http:\/\/turkishpetfood.com\/\" target=\"_blank\" rel=\"noreferrer noopener\">www.TurkishPetfood.com<\/a><\/h3>\n\n\n\n<p class=\"blockart-paragraph blockart-paragraph-0c1c9821\">T\u00fcrkiye&#8217;nin en b\u00fcy\u00fck 2 mama fabrikas\u0131na ve FELES kedi kumu fabrikas\u0131na ihracat dan\u0131\u015fmanl\u0131\u011f\u0131 veren TPF, kendi markas\u0131 YEDY ile pet sekt\u00f6r\u00fcnde yerini alm\u0131\u015ft\u0131r.<\/p>\n<\/div><\/div>\n\n\n\n<div class=\"blockart-column blockart-column-b8185470\"><div class=\"blockart-column-inner\">\n<div class=\"blockart-image blockart-image-2ba5ffce\"><img loading=\"lazy\" decoding=\"async\" class=\"wp-image-1571\" src=\"http:\/\/www.kocas.com.tr\/wp-content\/uploads\/2022\/09\/Marbleks-logo-1.png\" alt=\"\" height=\"949\" width=\"3470\" srcset=\"http:\/\/www.kocas.com.tr\/wp-content\/uploads\/2022\/09\/Marbleks-logo-1.png 3470w, http:\/\/www.kocas.com.tr\/wp-content\/uploads\/2022\/09\/Marbleks-logo-1-600x164.png 600w, http:\/\/www.kocas.com.tr\/wp-content\/uploads\/2022\/09\/Marbleks-logo-1-300x82.png 300w, http:\/\/www.kocas.com.tr\/wp-content\/uploads\/2022\/09\/Marbleks-logo-1-1024x280.png 1024w, http:\/\/www.kocas.com.tr\/wp-content\/uploads\/2022\/09\/Marbleks-logo-1-768x210.png 768w, http:\/\/www.kocas.com.tr\/wp-content\/uploads\/2022\/09\/Marbleks-logo-1-1536x420.png 1536w, http:\/\/www.kocas.com.tr\/wp-content\/uploads\/2022\/09\/Marbleks-logo-1-2048x560.png 2048w\" sizes=\"auto, (max-width: 3470px) 100vw, 3470px\" \/><\/div>\n\n\n\n<h3 class=\"blockart-heading blockart-heading-1b8e7f3d\">www.marbleks.com<\/h3>\n\n\n\n<p class=\"blockart-paragraph blockart-paragraph-0a619c24\">Mermer ihracat\u0131nda T\u00fcrkiye&#8217;nin en \u00f6nemli \u00fcreticilerinden birisi olan MARBLEKS, ayn\u0131 zamanda T\u00fcrkiye&#8217;de hotel, villa ve mutfak projeleri yapmaktad\u0131r.<\/p>\n<\/div><\/div>\n<\/div><\/div><\/div>\n\n\n\n<div class=\"blockart-section blockart-section-6627d7e6\"><div class=\"blockart-container\"><div class=\"blockart-section-inner\">\n<div class=\"blockart-column blockart-column-0aa0e3f7\"><div class=\"blockart-column-inner\">\n<h2 class=\"blockart-heading blockart-heading-3dd3587e\">We Are<br>KO\u00c7A\u015e<\/h2>\n<\/div><\/div>\n\n\n\n<div class=\"blockart-column blockart-column-cf23b2d5\"><div class=\"blockart-column-inner\">\n<p class=\"blockart-paragraph blockart-paragraph-d162327a\">KO\u00c7A\u015e \u015e\u0130RKETLER GRUBU; \u00e7at\u0131s\u0131 alt\u0131nda bir araya gelen deneyimli ve uzman kadrosuyla, 10 y\u0131ldan uzun s\u00fcredir y\u00fcr\u00fctt\u00fc\u011f\u00fc d\u0131\u015f ticaret faaliyetlerini,  T\u00fcrk firmalar\u0131n\u0131n geli\u015fen d\u00fcnya pazarlar\u0131nda ba\u015far\u0131l\u0131, etkin ve verimli faaliyet g\u00f6stermelerine destek vermek amac\u0131yla aral\u0131ks\u0131z s\u00fcrd\u00fcrmektedir. <\/p>\n\n\n\n\n\n<p class=\"blockart-paragraph blockart-paragraph-aa780c84\">FURNEKS, TURKISH PETFOOD, MARBLEKS \u015firketlerinin ve markalar\u0131n\u0131n sahibi olan KO\u00c7A\u015e \u015e\u0130RKETLER GRUBU, ihracatta do\u011fru ve emin ad\u0131mlarla ilerlemeye devam edecektir. <\/p>\n<\/div><\/div>\n<\/div><\/div><\/div>\n\n\n\n<div class=\"blockart-section blockart-section-4ca2e81c\"><div class=\"blockart-container\"><div class=\"blockart-section-inner\">\n<div class=\"blockart-column blockart-column-b95c4927\"><div class=\"blockart-column-inner\"><\/div><\/div>\n\n\n\n<div class=\"blockart-column blockart-column-ec0b6931\"><div class=\"blockart-column-inner\">\n\n\n<h2 class=\"blockart-heading blockart-heading-2b8c0d51\">Bize Ula\u015f\u0131n<\/h2>\n\n\n\n<p class=\"blockart-paragraph blockart-paragraph-20e3ec18\">Looking forward to hearing from you&#8230; <\/p>\n\n\n\n<div class=\"blockart-buttons blockart-buttons-0dd9f571 is-justification-center is-horizontal is-wrap\">\n<div class=\"blockart-button blockart-button-215c9bce \"><a class=\"blockart-button-link is-custom is-style-filled\">B\u0130ZE YAZIN<\/a><\/div>\n<\/div>\n<\/div><\/div>\n\n\n\n<div class=\"blockart-column blockart-column-4abda449\"><div class=\"blockart-column-inner\"><\/div><\/div>\n<\/div><\/div><\/div>\n\n\n\n<div class=\"blockart-section blockart-section-86de1461\"><div class=\"blockart-container\"><div class=\"blockart-section-inner\">\n<div class=\"blockart-column blockart-column-25eeeeea\"><div class=\"blockart-column-inner\"><\/div><\/div>\n\n\n\n<div class=\"blockart-column blockart-column-56fe806f\"><div class=\"blockart-column-inner\">\n<p class=\"blockart-paragraph blockart-paragraph-44c569f8\">TESTIMONIALS<\/p>\n\n\n\n<h2 class=\"blockart-heading blockart-heading-06896cea\">Reviews<\/h2>\n\n\n\n<p class=\"blockart-paragraph blockart-paragraph-e614dbdb\">Lorem ipsum dolor sit amet, consectetur adipiscing elit. Ut elit tellus, luctus nec ullamcorper mattis, pulvinar dapibus leo.<\/p>\n\n\n\n<p class=\"blockart-paragraph blockart-paragraph-bd1dfd34\">N.KO\u00c7A\u015e<\/p>\n<\/div><\/div>\n\n\n\n<div class=\"blockart-column blockart-column-f9193b82\"><div class=\"blockart-column-inner\"><\/div><\/div>\n<\/div><\/div><\/div>\n\n\n\n<div class=\"blockart-section blockart-section-73186512\"><div class=\"blockart-container\"><div class=\"blockart-section-inner\">\n<div class=\"blockart-column blockart-column-ac8e6e0a\"><div class=\"blockart-column-inner\">\n<div class=\"blockart-image blockart-image-f9f6ba88\"><img loading=\"lazy\" decoding=\"async\" width=\"473\" height=\"82\" class=\"wp-image-1576\" src=\"http:\/\/www.kocas.com.tr\/wp-content\/uploads\/2022\/09\/furnekslogo-1-2.png\" alt=\"\" srcset=\"http:\/\/www.kocas.com.tr\/wp-content\/uploads\/2022\/09\/furnekslogo-1-2.png 473w, http:\/\/www.kocas.com.tr\/wp-content\/uploads\/2022\/09\/furnekslogo-1-2-300x52.png 300w\" sizes=\"auto, (max-width: 473px) 100vw, 473px\" \/><\/div>\n<\/div><\/div>\n\n\n\n<div class=\"blockart-column blockart-column-4afaaf16\"><div class=\"blockart-column-inner\">\n<div class=\"blockart-image blockart-image-555bc2a1\"><img loading=\"lazy\" decoding=\"async\" class=\"wp-image-1569\" src=\"http:\/\/www.kocas.com.tr\/wp-content\/uploads\/2022\/09\/tpf-long.png\" alt=\"\" height=\"496\" width=\"4440\" srcset=\"http:\/\/www.kocas.com.tr\/wp-content\/uploads\/2022\/09\/tpf-long.png 4440w, http:\/\/www.kocas.com.tr\/wp-content\/uploads\/2022\/09\/tpf-long-600x67.png 600w, http:\/\/www.kocas.com.tr\/wp-content\/uploads\/2022\/09\/tpf-long-300x34.png 300w, http:\/\/www.kocas.com.tr\/wp-content\/uploads\/2022\/09\/tpf-long-1024x114.png 1024w, http:\/\/www.kocas.com.tr\/wp-content\/uploads\/2022\/09\/tpf-long-768x86.png 768w, http:\/\/www.kocas.com.tr\/wp-content\/uploads\/2022\/09\/tpf-long-1536x172.png 1536w, http:\/\/www.kocas.com.tr\/wp-content\/uploads\/2022\/09\/tpf-long-2048x229.png 2048w\" sizes=\"auto, (max-width: 4440px) 100vw, 4440px\" \/><\/div>\n<\/div><\/div>\n\n\n\n<div class=\"blockart-column blockart-column-a249a603\"><div class=\"blockart-column-inner\">\n<div class=\"blockart-image blockart-image-d07a8afc\"><img loading=\"lazy\" decoding=\"async\" class=\"wp-image-1571\" src=\"http:\/\/www.kocas.com.tr\/wp-content\/uploads\/2022\/09\/Marbleks-logo-1.png\" alt=\"\" height=\"949\" width=\"3470\" srcset=\"http:\/\/www.kocas.com.tr\/wp-content\/uploads\/2022\/09\/Marbleks-logo-1.png 3470w, http:\/\/www.kocas.com.tr\/wp-content\/uploads\/2022\/09\/Marbleks-logo-1-600x164.png 600w, http:\/\/www.kocas.com.tr\/wp-content\/uploads\/2022\/09\/Marbleks-logo-1-300x82.png 300w, http:\/\/www.kocas.com.tr\/wp-content\/uploads\/2022\/09\/Marbleks-logo-1-1024x280.png 1024w, http:\/\/www.kocas.com.tr\/wp-content\/uploads\/2022\/09\/Marbleks-logo-1-768x210.png 768w, http:\/\/www.kocas.com.tr\/wp-content\/uploads\/2022\/09\/Marbleks-logo-1-1536x420.png 1536w, http:\/\/www.kocas.com.tr\/wp-content\/uploads\/2022\/09\/Marbleks-logo-1-2048x560.png 2048w\" sizes=\"auto, (max-width: 3470px) 100vw, 3470px\" \/><\/div>\n<\/div><\/div>\n\n\n\n<div class=\"blockart-column blockart-column-e6f0b4d2\"><div class=\"blockart-column-inner\">\n<div class=\"blockart-image blockart-image-fb1eb5ff\"><img loading=\"lazy\" decoding=\"async\" class=\"wp-image-197\" src=\"http:\/\/www.kocas.com.tr\/wp-content\/uploads\/2021\/11\/trueagency.png\" alt=\"\" height=\"76\" width=\"270\"\/><\/div>\n<\/div><\/div>\n<\/div><\/div><\/div>\n\n\n\n<div class=\"blockart-section blockart-section-4fdc629e\"><div class=\"blockart-container-fluid\"><div class=\"blockart-section-inner\">\n<div class=\"blockart-column blockart-column-7befa538\"><div class=\"blockart-column-inner\">\n<h2 class=\"blockart-heading blockart-heading-4c459141\">Let&#8217;s Talk<\/h2>\n\n\n\n<p class=\"blockart-paragraph blockart-paragraph-0b37e288\">+90 541 484 99 98<\/p>\n\n\n\n<p class=\"blockart-paragraph blockart-paragraph-1d33add0\">info@kocas.com.tr<\/p>\n<\/div><\/div>\n\n\n\n<div class=\"blockart-column blockart-column-739eb5c3\"><div class=\"blockart-column-inner\">\n<h2 class=\"blockart-heading blockart-heading-78862260\">Join Our Team<\/h2>\n\n\n\n<p class=\"blockart-paragraph blockart-paragraph-1c3cbd1d\">+312 447 29 80<\/p>\n\n\n\n<p class=\"blockart-paragraph blockart-paragraph-84ae232d\">info@kocas.com.tr<\/p>\n<\/div><\/div>\n<\/div><\/div><\/div>\n","protected":false},"excerpt":{"rendered":"","protected":false},"author":1,"featured_media":0,"parent":0,"menu_order":0,"comment_status":"closed","ping_status":"closed","template":"page-templates\/pagebuilder.php","meta":{"_ti_tpc_template_sync":false,"_ti_tpc_template_id":"","footnotes":""},"class_list":["post-35","page","type-page","status-publish","hentry"],"_links":{"self":[{"href":"http:\/\/www.kocas.com.tr\/index.php?rest_route=\/wp\/v2\/pages\/35","targetHints":{"allow":["GET"]}}],"collection":[{"href":"http:\/\/www.kocas.com.tr\/index.php?rest_route=\/wp\/v2\/pages"}],"about":[{"href":"http:\/\/www.kocas.com.tr\/index.php?rest_route=\/wp\/v2\/types\/page"}],"author":[{"embeddable":true,"href":"http:\/\/www.kocas.com.tr\/index.php?rest_route=\/wp\/v2\/users\/1"}],"replies":[{"embeddable":true,"href":"http:\/\/www.kocas.com.tr\/index.php?rest_route=%2Fwp%2Fv2%2Fcomments&post=35"}],"version-history":[{"count":32,"href":"http:\/\/www.kocas.com.tr\/index.php?rest_route=\/wp\/v2\/pages\/35\/revisions"}],"predecessor-version":[{"id":1660,"href":"http:\/\/www.kocas.com.tr\/index.php?rest_route=\/wp\/v2\/pages\/35\/revisions\/1660"}],"wp:attachment":[{"href":"http:\/\/www.kocas.com.tr\/index.php?rest_route=%2Fwp%2Fv2%2Fmedia&parent=35"}],"curies":[{"name":"wp","href":"https:\/\/api.w.org\/{rel}","templated":true}]}}